{"id":16,"date":"2018-12-03T12:45:26","date_gmt":"2018-12-03T11:45:26","guid":{"rendered":"https:\/\/machsdirselbst.rtti.de\/?page_id=16"},"modified":"2018-12-07T18:18:40","modified_gmt":"2018-12-07T17:18:40","slug":"wieso-weshalb-warum","status":"publish","type":"page","link":"https:\/\/machsdirselbst.rtti.de\/","title":{"rendered":"Wieso? Weshalb? Warum?"},"content":{"rendered":"<p>Produkte waren einmal. Hier findet ihr Anleitungen, Rezepte, Tricks, wie ihr Dinge, die ihr allt\u00e4glich braucht, ganz einfach selber machen k\u00f6nnt, anstatt zu kaufen. Das ist in dreifacher Hinsicht nachhaltig:<\/p>\n<ul>\n<li>\n<address><strong>Fair Share:<\/strong> Weniger Profit f\u00fcr Wenige, mehr f\u00fcr Viele<\/address>\n<\/li>\n<li>\n<address><strong>Nature Care<\/strong>: Weniger M\u00fcll, weniger Plastik<\/address>\n<\/li>\n<li>\n<address><strong>People Care<\/strong>: Empowerment, Bef\u00fcrfnisse mit Qualit\u00e4ten erf\u00fcllen, g\u00fcnstiger, mehr Spa\u00df, ges\u00fcnder, vielf\u00e4ltiger<\/address>\n<\/li>\n<\/ul>\n<p>Ihr macht auch etwas selber? Wisst etwas besseres?<\/p>\n<p>Dann kommentiert oder <a href=\"https:\/\/machsdirselbst.rtti.de\/wp-login.php\">meldet euch an<\/a>!<\/p>\n","protected":false},"excerpt":{"rendered":"<div class=\"entry-summary\">\nProdukte waren einmal. Hier findet ihr Anleitungen, Rezepte, Tricks, wie ihr Dinge,&hellip;\n<\/div>\n<div class=\"link-more\"><a href=\"https:\/\/machsdirselbst.rtti.de\/\" class=\"more-link\">Continue reading<span class=\"screen-reader-text\"> &ldquo;Wieso? Weshalb? Warum?&rdquo;<\/span>&hellip;<\/a><\/div>\n","protected":false},"author":5,"featured_media":0,"parent":0,"menu_order":0,"comment_status":"closed","ping_status":"closed","template":"","meta":{"_acf_changed":false,"wprm-recipe-roundup-name":"","wprm-recipe-roundup-description":"","footnotes":""},"class_list":["post-16","page","type-page","status-publish","hentry","entry"],"acf":[],"_links":{"self":[{"href":"https:\/\/machsdirselbst.rtti.de\/index.php?rest_route=\/wp\/v2\/pages\/16","targetHints":{"allow":["GET"]}}],"collection":[{"href":"https:\/\/machsdirselbst.rtti.de\/index.php?rest_route=\/wp\/v2\/pages"}],"about":[{"href":"https:\/\/machsdirselbst.rtti.de\/index.php?rest_route=\/wp\/v2\/types\/page"}],"author":[{"embeddable":true,"href":"https:\/\/machsdirselbst.rtti.de\/index.php?rest_route=\/wp\/v2\/users\/5"}],"replies":[{"embeddable":true,"href":"https:\/\/machsdirselbst.rtti.de\/index.php?rest_route=%2Fwp%2Fv2%2Fcomments&post=16"}],"version-history":[{"count":7,"href":"https:\/\/machsdirselbst.rtti.de\/index.php?rest_route=\/wp\/v2\/pages\/16\/revisions"}],"predecessor-version":[{"id":120,"href":"https:\/\/machsdirselbst.rtti.de\/index.php?rest_route=\/wp\/v2\/pages\/16\/revisions\/120"}],"wp:attachment":[{"href":"https:\/\/machsdirselbst.rtti.de\/index.php?rest_route=%2Fwp%2Fv2%2Fmedia&parent=16"}],"curies":[{"name":"wp","href":"https:\/\/api.w.org\/{rel}","templated":true}]}}